{"id":45,"date":"2011-10-17T23:35:16","date_gmt":"2011-10-17T21:35:16","guid":{"rendered":"http:\/\/www.grund-wert.ch\/Wordpress\/?page_id=45"},"modified":"2019-09-24T15:01:34","modified_gmt":"2019-09-24T13:01:34","slug":"downloads","status":"publish","type":"page","link":"https:\/\/www.grund-wert.ch\/?page_id=45","title":{"rendered":"DOWNLOADS"},"content":{"rendered":"<p><strong>Eine Auswahl eigener Forschungsarbeiten und Fachartikel zu verschiedenen<\/strong><\/p>\n<p><strong>Themen aus Architektur, St\u00e4dtebau und Immobilienwirtschaft:<\/strong><\/p>\n<ul>\n<li><a href=\"https:\/\/www.grund-wert.ch\/Wordpress\/wp-content\/uploads\/2011\/10\/ijsselmeerpolder.pdf\" target=\"_blank\" rel=\"noopener noreferrer\">Niederl\u00e4ndischer St\u00e4dtebau im 20. Jahrhundert am Beispiel der IJsselmeerpolder<\/a><\/li>\n<li><a href=\"https:\/\/www.grund-wert.ch\/Wordpress\/wp-content\/uploads\/2011\/10\/nationalromantik.pdf\" target=\"_blank\" rel=\"noopener noreferrer\">Form, Material und Raum in der finnischen Architektur zur Zeit der Nationalromantik<\/a><\/li>\n<li><a href=\"https:\/\/www.grund-wert.ch\/Wordpress\/wp-content\/uploads\/2011\/10\/tb_69.pdf\" target=\"_blank\" rel=\"noopener noreferrer\">Die Stadtparks in Neu-Oerlikon (Z\u00fcrich-Nord)<\/a><\/li>\n<li><a href=\"https:\/\/www.grund-wert.ch\/Wordpress\/wp-content\/uploads\/2011\/10\/Umgang-mit-Grundbesitz-als-gesellschaftliche-Herausforderung.pdf\" target=\"_blank\" rel=\"noopener noreferrer\">Der Umgang mit Grundbesitz als gesellschaftliche Herausforderung unserer Zeit<\/a><\/li>\n<li><a title=\"Aspekte nachhaltiger Immobilien-Projektentwicklung in gemeinn\u00fctzigen K\u00f6rperschaften\" href=\"https:\/\/www.grund-wert.ch\/Wordpress\/wp-content\/uploads\/2012\/03\/Aspekte.pdf\" target=\"_blank\" rel=\"noopener noreferrer\">Aspekte nachhaltiger Immobilien-Projektentwicklung in gemeinn\u00fctzigen K\u00f6rperschaften (Schautafel A3)<\/a><\/li>\n<\/ul>\n","protected":false},"excerpt":{"rendered":"<p>Eine Auswahl eigener Forschungsarbeiten und Fachartikel zu verschiedenen Themen aus Architektur, St\u00e4dtebau und Immobilienwirtschaft: Niederl\u00e4ndischer St\u00e4dtebau im 20. Jahrhundert am Beispiel der IJsselmeerpolder Form, Material und Raum in der finnischen Architektur zur Zeit der Nationalromantik Die Stadtparks in Neu-Oerlikon (Z\u00fcrich-Nord) Der Umgang mit Grundbesitz als gesellschaftliche Herausforderung unserer Zeit Aspekte nachhaltiger Immobilien-Projektentwicklung in gemeinn\u00fctzigen K\u00f6rperschaften [&hellip;]<\/p>\n","protected":false},"author":1,"featured_media":0,"parent":29,"menu_order":2,"comment_status":"closed","ping_status":"closed","template":"","meta":{"footnotes":""},"class_list":["post-45","page","type-page","status-publish","hentry"],"_links":{"self":[{"href":"https:\/\/www.grund-wert.ch\/index.php?rest_route=\/wp\/v2\/pages\/45","targetHints":{"allow":["GET"]}}],"collection":[{"href":"https:\/\/www.grund-wert.ch\/index.php?rest_route=\/wp\/v2\/pages"}],"about":[{"href":"https:\/\/www.grund-wert.ch\/index.php?rest_route=\/wp\/v2\/types\/page"}],"author":[{"embeddable":true,"href":"https:\/\/www.grund-wert.ch\/index.php?rest_route=\/wp\/v2\/users\/1"}],"replies":[{"embeddable":true,"href":"https:\/\/www.grund-wert.ch\/index.php?rest_route=%2Fwp%2Fv2%2Fcomments&post=45"}],"version-history":[{"count":30,"href":"https:\/\/www.grund-wert.ch\/index.php?rest_route=\/wp\/v2\/pages\/45\/revisions"}],"predecessor-version":[{"id":243,"href":"https:\/\/www.grund-wert.ch\/index.php?rest_route=\/wp\/v2\/pages\/45\/revisions\/243"}],"up":[{"embeddable":true,"href":"https:\/\/www.grund-wert.ch\/index.php?rest_route=\/wp\/v2\/pages\/29"}],"wp:attachment":[{"href":"https:\/\/www.grund-wert.ch\/index.php?rest_route=%2Fwp%2Fv2%2Fmedia&parent=45"}],"curies":[{"name":"wp","href":"https:\/\/api.w.org\/{rel}","templated":true}]}}