{"id":26,"date":"2011-10-17T22:48:39","date_gmt":"2011-10-17T20:48:39","guid":{"rendered":"http:\/\/www.grund-wert.ch\/Wordpress\/?page_id=26"},"modified":"2019-09-24T14:57:57","modified_gmt":"2019-09-24T12:57:57","slug":"ich-kann","status":"publish","type":"page","link":"https:\/\/www.grund-wert.ch\/?page_id=26","title":{"rendered":"_grund_WERT KANN."},"content":{"rendered":"<ul>\n<li><strong>mit Ihnen nachhaltige und konsistente Strategien f\u00fcr Erwerb, Unterhalt und Ver\u00e4usserung von Liegenschaften erarbeiten.<\/strong><\/li>\n<li><strong>Ihre Grundst\u00fccke, Objekte und Projekte sowohl technisch wie auch architektonisch und konzeptionell evaluieren.<\/strong><\/li>\n<li><strong>Sie und Ihr Team coachen, damit sie Ihre Rolle als Eigent\u00fcmer und Bauherr kompetent wahrnehmen k\u00f6nnen.<\/strong><\/li>\n<li><strong>kreative Prozesse zur Entwicklung von neuen Nutzungsideen einleiten und begleiten.<\/strong><\/li>\n<li><strong>in Workshops &#8211; auch mit sehr heterogenen Nutzergruppen &#8211; bedarfsgerechte und budgetkonforme Anforderungsprofile und Raumprogramme \u00a0erarbeiten.<\/strong><\/li>\n<li><strong>Entscheidungsgrundlagen so aufarbeiten, dass objektive und ganzheitliche Urteile m\u00f6glich werden.<\/strong><\/li>\n<li><strong>zielf\u00fchrende und sinnvolle Projektorganisationen entwickeln und begleiten.<\/strong><\/li>\n<li><strong>dem Vorhaben angemessene Planerwahlverfahren aller Art inkl. Wettbewerbe evaluieren, initiieren und begleiten.<\/strong><\/li>\n<li><strong>Die beauftragten Planer so coachen, dass Ihre Anforderungen konsistent in qualit\u00e4tsvolle Architektur einfliessen k\u00f6nnen.<\/strong><\/li>\n<li><strong>Ihren ideellen Zielen entsprechende Kriterien f\u00fcr Arbeitsvergaben festlegen und Submissionen begleiten.<\/strong><\/li>\n<li><strong>Sie in ihrer Rolle als Bauherr entweder im Hintergrund unterst\u00fctzen oder direkt im Projektteam kompetent vertreten. Dies falls gew\u00fcnscht in allen Leistungsphasen.<\/strong><\/li>\n<li><strong>Einhaltung von Kosten, Terminen, Qualit\u00e4t und anderen definierten Anforderungen \u00fcberwachen.<\/strong><\/li>\n<\/ul>\n<p><strong>\u00a0<\/strong><\/p>\n<p><a title=\"WIE WEITER.\" href=\"https:\/\/www.grund-wert.ch\/?page_id=29\"><img loading=\"lazy\" decoding=\"async\" class=\"alignright size-full wp-image-141\" title=\"grey\" src=\"https:\/\/www.grund-wert.ch\/Wordpress\/wp-content\/uploads\/2011\/10\/grey.jpg\" alt=\"\" width=\"40\" height=\"39\" \/><\/a><\/p>\n","protected":false},"excerpt":{"rendered":"<p>mit Ihnen nachhaltige und konsistente Strategien f\u00fcr Erwerb, Unterhalt und Ver\u00e4usserung von Liegenschaften erarbeiten. Ihre Grundst\u00fccke, Objekte und Projekte sowohl technisch wie auch architektonisch und konzeptionell evaluieren. Sie und Ihr Team coachen, damit sie Ihre Rolle als Eigent\u00fcmer und Bauherr kompetent wahrnehmen k\u00f6nnen. kreative Prozesse zur Entwicklung von neuen Nutzungsideen einleiten und begleiten. in Workshops [&hellip;]<\/p>\n","protected":false},"author":1,"featured_media":0,"parent":0,"menu_order":5,"comment_status":"closed","ping_status":"closed","template":"","meta":{"footnotes":""},"class_list":["post-26","page","type-page","status-publish","hentry"],"_links":{"self":[{"href":"https:\/\/www.grund-wert.ch\/index.php?rest_route=\/wp\/v2\/pages\/26","targetHints":{"allow":["GET"]}}],"collection":[{"href":"https:\/\/www.grund-wert.ch\/index.php?rest_route=\/wp\/v2\/pages"}],"about":[{"href":"https:\/\/www.grund-wert.ch\/index.php?rest_route=\/wp\/v2\/types\/page"}],"author":[{"embeddable":true,"href":"https:\/\/www.grund-wert.ch\/index.php?rest_route=\/wp\/v2\/users\/1"}],"replies":[{"embeddable":true,"href":"https:\/\/www.grund-wert.ch\/index.php?rest_route=%2Fwp%2Fv2%2Fcomments&post=26"}],"version-history":[{"count":12,"href":"https:\/\/www.grund-wert.ch\/index.php?rest_route=\/wp\/v2\/pages\/26\/revisions"}],"predecessor-version":[{"id":240,"href":"https:\/\/www.grund-wert.ch\/index.php?rest_route=\/wp\/v2\/pages\/26\/revisions\/240"}],"wp:attachment":[{"href":"https:\/\/www.grund-wert.ch\/index.php?rest_route=%2Fwp%2Fv2%2Fmedia&parent=26"}],"curies":[{"name":"wp","href":"https:\/\/api.w.org\/{rel}","templated":true}]}}